{"id":32,"date":"2023-11-23T23:07:30","date_gmt":"2023-11-23T23:07:30","guid":{"rendered":"https:\/\/quintadamoscadinha.com\/web2\/?page_id=32"},"modified":"2024-05-24T11:33:31","modified_gmt":"2024-05-24T11:33:31","slug":"about","status":"publish","type":"page","link":"https:\/\/quintadamoscadinha.com\/pt\/about\/","title":{"rendered":"Sobre"},"content":{"rendered":"","protected":false},"excerpt":{"rendered":"","protected":false},"author":1,"featured_media":0,"parent":0,"menu_order":0,"comment_status":"closed","ping_status":"closed","template":"","meta":{"_piecal_is_event":false,"_piecal_start_date":"","_piecal_end_date":"","_piecal_is_allday":false,"footnotes":""},"class_list":["post-32","page","type-page","status-publish","hentry"],"meta_box":{"ro_main_title":"","ro_secondary_title":"","ro_subtitle":"","co_hero_image":false,"co_main_title":"","co_contacts":[],"co_social":[],"ab_top_section":{"ab_top_section_hero":"184","ab_top_section_title":"About Quinta da Moscadinha"},"ab_divided_section":{"ab_divided_section_first_image_left":"183","ab_divided_section_first_title_right":"The Story","ab_divided_section_first_text_right":"<p class=\"p1\" style=\"text-align: left;\">Located in the small village of\u00a0<strong>Camacha<\/strong>, famous for its traditions and folklore, this 19th century house gets its current name in 2019, from the\u00a0<strong>Moscadinha<\/strong>\u00a0herbal liqueur, a family recipe from the north side of the island.<\/p>\r\n<p class=\"p1\" style=\"text-align: left;\">In the past, this infusion was widely used by the locals, as it was believed to have medicinal properties, due to being made of various local plants and spices in agricultural rum.<\/p>\r\n<p class=\"p1\" style=\"text-align: left;\">Here, the scenery is peaceful and romantic, and the surrounding idyllic landscape invites to relax in a close relationship with Nature. Beautiful gardens, among centenary trees and diverse flowers, enrich the common areas of leisure and rest.<\/p>\r\n<p class=\"p1\" style=\"text-align: left;\">In this welcoming space, guests will be able to enjoy unique experiences, allowing them to take a set of happy and enriching memories.<\/p>\r\n<p class=\"p1\" style=\"text-align: left;\">The lively capital of the island, the city of Funchal, is just 15 minutes away (by car). Nearby are links to the public transport network.<\/p>\r\n<p class=\"p1\" style=\"text-align: left;\"><strong>Quinta da Moscadinha<\/strong>\u00a0welcomes and invites you to stay with us and feel the nature!<\/p>","ab_divided_section_second_image_right":"980","ab_divided_section_second_title_left":"The Location","ab_divided_section_second_text_left":"<p class=\"sub-heading\"><strong>Camacha<\/strong>\u00a0is a small village in Santa Cruz city, located in the interior of Madeira Island, more than 700 meters high, being famous for its traditions and folklore, that survive gracefully until today.<\/p>\r\n\r\n<div class=\"wpb_text_column wpb_content_element \">\r\n<div class=\"wpb_wrapper\">\r\n<p class=\"p1\">Located in a typical Madeirean mountain area, between hills and valleys, Camacha is surrounded by small villages and places of great natural value, such as Poiso and Montado do Pereiro.<\/p>\r\n<p class=\"p1\"><strong>Camacha<\/strong>\u00a0is known for keeping alive its ancient traditions, particularly with regard to the lively Ethnographic and Folklore Groups, with all their dances, knowledge and singing, and the highly regarded Handicrafts, specialized in various wicker objects and regional embroidery.<\/p>\r\n<p class=\"p1\">For lovers of outdoor activities, connected to nature, the location of\u00a0<strong>Quinta da Moscadinha<\/strong>\u00a0allows you to enjoy a wide variety of options, such as levadas and trails, canyoning, golf, horseback riding, etc.<\/p>\r\n<p class=\"p1\">As for the built heritage, the main churches are the Matriz, Nova and Roch\u00e3o churches or the Chapel of S\u00e3o Jos\u00e9.<\/p>\r\n\r\n<\/div>\r\n<\/div>"},"ab_the_surroundings":{"ab_the_surroundings_title":"The Surroundings","ab_the_surroundings_image_1":"181","ab_the_surroundings_image_2":"180","ab_the_surroundings_image_3":"179","ab_the_surroundings_image_4":"178","ab_the_surroundings_image_5":"177"},"ab_the_interiors":{"ab_the_interiors_title":"The House","ab_the_interiors_image_1":"176","ab_the_interiors_image_2":"175","ab_the_interiors_image_3":"184","ab_the_interiors_image_4":"959","ab_the_interiors_image_5":"172"},"ab_the_rooms":{"ab_the_rooms_title":"Our Rooms"},"re_top_section":[],"re_divided_section":[],"re_bottom_section":[],"ci_group":[],"ci_divided_section":[],"ci_gallery":[],"ci_shop":[],"group_zkgr0gaymk":[],"fa_main_title":"","fa_main_subtitle":"","fa_main_description":"","fp_hero_section":[],"fp_discover_section":[],"fp_house_section":[],"fp_amenities_section":[],"fp_accomodations_section":[],"fp_tagline_section":[]},"_links":{"self":[{"href":"https:\/\/quintadamoscadinha.com\/pt\/wp-json\/wp\/v2\/pages\/32","targetHints":{"allow":["GET"]}}],"collection":[{"href":"https:\/\/quintadamoscadinha.com\/pt\/wp-json\/wp\/v2\/pages"}],"about":[{"href":"https:\/\/quintadamoscadinha.com\/pt\/wp-json\/wp\/v2\/types\/page"}],"author":[{"embeddable":true,"href":"https:\/\/quintadamoscadinha.com\/pt\/wp-json\/wp\/v2\/users\/1"}],"replies":[{"embeddable":true,"href":"https:\/\/quintadamoscadinha.com\/pt\/wp-json\/wp\/v2\/comments?post=32"}],"version-history":[{"count":22,"href":"https:\/\/quintadamoscadinha.com\/pt\/wp-json\/wp\/v2\/pages\/32\/revisions"}],"predecessor-version":[{"id":644,"href":"https:\/\/quintadamoscadinha.com\/pt\/wp-json\/wp\/v2\/pages\/32\/revisions\/644"}],"wp:attachment":[{"href":"https:\/\/quintadamoscadinha.com\/pt\/wp-json\/wp\/v2\/media?parent=32"}],"curies":[{"name":"wp","href":"https:\/\/api.w.org\/{rel}","templated":true}]}}