{"id":1134,"date":"2024-12-11T11:47:27","date_gmt":"2024-12-11T11:47:27","guid":{"rendered":"https:\/\/quintadamoscadinha.com\/?post_type=product&#038;p=1134"},"modified":"2024-12-16T12:58:41","modified_gmt":"2024-12-16T12:58:41","slug":"madeira-wine-sweet-20-years","status":"publish","type":"product","link":"https:\/\/quintadamoscadinha.com\/pt\/produto\/madeira-wine-sweet-20-years\/","title":{"rendered":"Vinho Madeira (doce) 20 Anos"},"content":{"rendered":"<p>Um 20 anos composto por vinho velho, num estilo cl\u00e1ssico que lembra os vinhos da fam\u00edlia oriunda da zona do Porto da Cruz, no norte da ilha. Os vinhos evolu\u00edram nos mesmos cascos de carvalho  americano, que durante d\u00e9cadas fizeram parte do esp\u00f3lio da fam\u00edlia. Blend original de Boal, Tinta Negra e Verdelho, castas que fazem parte da hist\u00f3ria, e que lembra esses vinhos do lavrador.<\/p>","protected":false},"excerpt":{"rendered":"<p>A 20 year old wine in a classic style, reminiscent of family wines from Porto da Cruz area, in the north of the island. The wines evolved in the same American oak barrels, which for decades were part of the family estate. Original blend of Boal, Tinta Negra and Verdelho, grape varieties that are part [&hellip;]<\/p>\n","protected":false},"featured_media":1144,"comment_status":"open","ping_status":"closed","template":"","meta":{"_piecal_is_event":false,"_piecal_start_date":"","_piecal_end_date":"","_piecal_is_allday":false},"product_brand":[],"product_cat":[34],"product_tag":[],"class_list":{"0":"post-1134","1":"product","2":"type-product","3":"status-publish","4":"has-post-thumbnail","6":"product_cat-sem-categoria","8":"first","9":"instock","10":"taxable","11":"shipping-taxable","12":"purchasable","13":"product-type-simple"},"meta_box":{"gi_product":{"gj_product_general_information_active":"1","gi_product_commercial_brand":"Madeira Wine 20 Years - Justino's | Moscadinha","gi_product_classification":"DOP Madeira (Protected Origin Designation)","gi_product_type":"Sweet","gi_product_year":"20 Years","gi_product_region":"Madeira Island (Portugal) - Atlantic Ocean","gi_product_soil":"Basalt Supratidal talus-platform and small hills","gi_product_climate":"Temperate, with oceanic characteristics and variations in temperature, humidity and rainfall, depending on altitude","gi_product_varieties":"Verdelho, Tinta Negra e Boal","gi_product_location_of_vineyard":"Various areas of Madeira island","gi_product_type_of_harvest":"Strict qualitative manual selection of the grapes","gi_product_capacity_bottle":"750ml","gi_product_production":"1220 bottles","gi_product_batch":"L18958","gi_product_winemaking_by":"Nuno Duarte | M\u00e1rcio N\u00f3brega"},"e_product":{"e_product_enology_active":"1","e_product_vinification_and_aging":"Minimal oenological intervention. The grapes are completely destemmed, crushed and pressed, in a process called 'bica aberta'. Fermentation is interrupted by the addition of neutral alcohol of wine origin (96%) in order to obtain the desired degree of sweetness (sweet). This blend was made in 2023 by winemaker Nuno Duarte, together with M\u00e1rcio N\u00f3brega from Quinta da Moscadinha, in the style of old wines from Quinta da Moscadinha. Aging in barrels from 450 to 700 liters from Justino's aging warehouses."},"tn_product":{"tn_product_notes_active":"1","tn_product_notes":"Intense amber color. Complex aromas of iodine style, dried fruit like walnuts, dates. Shows tropical notes of passion fruit type. Deep mouth, with layers of dried fruits. Dark chocolate. Molasses sugar from old stored wines in farmer's hooves. More classic and timeless style."},"ca_product":{"ca_product_chemichal_analisys_active":"1","ca_product_alcohol_content":"19% VOL.","ca_product_residual_sugar":"100g (Total sugar)","ca_product_total_acidity":"1,24g\/l (acetic acid) - Volatile acidity"},"p_product":{"p_product_pairing_active":"1","p_product_service_temperature":"14\u00ba \/ 16\u00ba","p_product_pairing_suggestions":"Pairing with dense desserts, such as pies made with dried fruits, caramel and eggs."},"pz_poduct":[]},"_links":{"self":[{"href":"https:\/\/quintadamoscadinha.com\/pt\/wp-json\/wp\/v2\/product\/1134","targetHints":{"allow":["GET"]}}],"collection":[{"href":"https:\/\/quintadamoscadinha.com\/pt\/wp-json\/wp\/v2\/product"}],"about":[{"href":"https:\/\/quintadamoscadinha.com\/pt\/wp-json\/wp\/v2\/types\/product"}],"replies":[{"embeddable":true,"href":"https:\/\/quintadamoscadinha.com\/pt\/wp-json\/wp\/v2\/comments?post=1134"}],"wp:featuredmedia":[{"embeddable":true,"href":"https:\/\/quintadamoscadinha.com\/pt\/wp-json\/wp\/v2\/media\/1144"}],"wp:attachment":[{"href":"https:\/\/quintadamoscadinha.com\/pt\/wp-json\/wp\/v2\/media?parent=1134"}],"wp:term":[{"taxonomy":"product_brand","embeddable":true,"href":"https:\/\/quintadamoscadinha.com\/pt\/wp-json\/wp\/v2\/product_brand?post=1134"},{"taxonomy":"product_cat","embeddable":true,"href":"https:\/\/quintadamoscadinha.com\/pt\/wp-json\/wp\/v2\/product_cat?post=1134"},{"taxonomy":"product_tag","embeddable":true,"href":"https:\/\/quintadamoscadinha.com\/pt\/wp-json\/wp\/v2\/product_tag?post=1134"}],"curies":[{"name":"wp","href":"https:\/\/api.w.org\/{rel}","templated":true}]}}