{"id":760,"date":"2023-12-27T13:42:50","date_gmt":"2023-12-27T13:42:50","guid":{"rendered":"https:\/\/quintadamoscadinha.com\/web2\/?post_type=product&#038;p=760"},"modified":"2025-03-13T15:21:26","modified_gmt":"2025-03-13T15:21:26","slug":"sparkling-aged-cider","status":"publish","type":"product","link":"https:\/\/quintadamoscadinha.com\/pt\/produto\/sparkling-aged-cider\/","title":{"rendered":"SIDRA ESTAGIADA ESPUMANTE"},"content":{"rendered":"<p>Esta \u00e9 uma sidra de carater\u00edsticas \u00fanicas, cor \u00e2mbar e aroma a frutos secos e madeira,\nequilibrada na sua acidez e do\u00e7ura. O seu teor alco\u00f3lico e bolha resultam de uma segunda\nfermenta\u00e7\u00e3o e est\u00e1gio em barricas de Vinho Madeira, pelo m\u00e9todo ancestral.<\/p>","protected":false},"excerpt":{"rendered":"<p>Esta \u00e9 uma sidra de carater\u00edsticas \u00fanicas, cor \u00e2mbar e aroma a frutos secos e madeira,\nequilibrada na sua acidez e do\u00e7ura. O seu teor alco\u00f3lico e bolha resultam de uma segunda\nfermenta\u00e7\u00e3o e est\u00e1gio em barricas de Vinho Madeira, pelo m\u00e9todo ancestral.<\/p>","protected":false},"featured_media":1050,"comment_status":"open","ping_status":"closed","template":"","meta":{"_piecal_is_event":false,"_piecal_start_date":"","_piecal_end_date":"","_piecal_is_allday":false},"product_brand":[],"product_cat":[34],"product_tag":[],"class_list":{"0":"post-760","1":"product","2":"type-product","3":"status-publish","4":"has-post-thumbnail","6":"product_cat-sem-categoria","8":"first","9":"instock","10":"taxable","11":"shipping-taxable","12":"purchasable","13":"product-type-simple"},"meta_box":{"gi_product":{"gj_product_general_information_active":"1","gi_product_commercial_brand":"Quinta da Moscadinha","gi_product_classification":"Madeira Island Cider","gi_product_type":"Sparkling Cider","gi_product_year":"2023","gi_product_region":"Madeira Island","gi_product_soil":"Volcanic","gi_product_climate":"Mild with maritime influence","gi_product_varieties":"Regional apples","gi_product_location_of_orchards":"Camacha","gi_product_type_of_harvest":"Strict manual selection of the apples","gi_product_capacity_bottle":"750ml","gi_product_production":"2000 bottles","gi_product_batch":"1\/2023","gi_product_winemaking_by":"M\u00e1rcio N\u00f3brega"},"e_product":{"e_product_enology_active":"1","e_product_vinification_and_aging":"Crushing and pressing in a vertical hydraulics press. Must decantation at 8\u00baC for 24h. Partially fermented in madeira wine barrels. Bottled before the end of the first fermentation. Second fermentation in the bottle and then resting over its lees for 9 months, before \u2018degorgement\u2019."},"tn_product":{"tn_product_notes_active":"1","tn_product_notes":"This is a cider of unique characteristics, amber color, nuts and wood aromas and balanced in its acidity and sweetness. Its alcohol content and bubble results from a second fermentation and aging in old Madeira Wine barrels, by the ancestral method."},"ca_product":{"ca_product_chemichal_analisys_active":"1","ca_product_alcohol_content":"8,5% VOL."},"p_product":{"p_product_pairing_active":"1","p_product_service_temperature":"12\u00baC \/ 14\u00baC","p_product_pairing_suggestions":"Ideal with roasted piglet and grilled meat. "},"pz_poduct":{"pz_active":"1","pz_prize_1_image":"842","pz_prize_1_description":"Gold Medal \u2018Cider World 2023 Frankfurt\u2019","pz_prize_2_image":"843","pz_prize_2_description":"Gold Medal (Taste) 'World Drinks Award'","pz_prize_3_image":"845","pz_prize_3_description":"Bronze Medal (Design) 'World Drinks Award'"}},"_links":{"self":[{"href":"https:\/\/quintadamoscadinha.com\/pt\/wp-json\/wp\/v2\/product\/760","targetHints":{"allow":["GET"]}}],"collection":[{"href":"https:\/\/quintadamoscadinha.com\/pt\/wp-json\/wp\/v2\/product"}],"about":[{"href":"https:\/\/quintadamoscadinha.com\/pt\/wp-json\/wp\/v2\/types\/product"}],"replies":[{"embeddable":true,"href":"https:\/\/quintadamoscadinha.com\/pt\/wp-json\/wp\/v2\/comments?post=760"}],"wp:featuredmedia":[{"embeddable":true,"href":"https:\/\/quintadamoscadinha.com\/pt\/wp-json\/wp\/v2\/media\/1050"}],"wp:attachment":[{"href":"https:\/\/quintadamoscadinha.com\/pt\/wp-json\/wp\/v2\/media?parent=760"}],"wp:term":[{"taxonomy":"product_brand","embeddable":true,"href":"https:\/\/quintadamoscadinha.com\/pt\/wp-json\/wp\/v2\/product_brand?post=760"},{"taxonomy":"product_cat","embeddable":true,"href":"https:\/\/quintadamoscadinha.com\/pt\/wp-json\/wp\/v2\/product_cat?post=760"},{"taxonomy":"product_tag","embeddable":true,"href":"https:\/\/quintadamoscadinha.com\/pt\/wp-json\/wp\/v2\/product_tag?post=760"}],"curies":[{"name":"wp","href":"https:\/\/api.w.org\/{rel}","templated":true}]}}