{"id":761,"date":"2023-12-27T13:44:48","date_gmt":"2023-12-27T13:44:48","guid":{"rendered":"https:\/\/quintadamoscadinha.com\/web2\/?post_type=product&#038;p=761"},"modified":"2025-03-13T15:19:43","modified_gmt":"2025-03-13T15:19:43","slug":"sparkling-natural-cider","status":"publish","type":"product","link":"https:\/\/quintadamoscadinha.com\/pt\/produto\/sparkling-natural-cider\/","title":{"rendered":"SIDRA NATURAL ESPUMANTE"},"content":{"rendered":"<p>Produzida atrav\u00e9s da sele\u00e7\u00e3o das melhores variedades de p\u00earo e ma\u00e7\u00e3 da nossa Regi\u00e3o, esta \u00e9 uma sidra de carater\u00edsticas \u00fanicas, aroma intenso e fresco. Reflete a acidez e do\u00e7ura das\nnossas ma\u00e7\u00e3s, \u00e0 qual acrescentamos uma borbulha fina, pelo m\u00e9todo champanh\u00eas.<\/p>","protected":false},"excerpt":{"rendered":"<p>Produzida atrav\u00e9s da sele\u00e7\u00e3o das melhores variedades de p\u00earo e ma\u00e7\u00e3 da nossa Regi\u00e3o, esta \u00e9 uma sidra de carater\u00edsticas \u00fanicas, aroma intenso e fresco. Reflete a acidez e do\u00e7ura das\nnossas ma\u00e7\u00e3s, \u00e0 qual acrescentamos uma borbulha fina, pelo m\u00e9todo champanh\u00eas.<\/p>","protected":false},"featured_media":1049,"comment_status":"open","ping_status":"closed","template":"","meta":{"_piecal_is_event":false,"_piecal_start_date":"","_piecal_end_date":"","_piecal_is_allday":false},"product_brand":[],"product_cat":[34],"product_tag":[],"class_list":{"0":"post-761","1":"product","2":"type-product","3":"status-publish","4":"has-post-thumbnail","6":"product_cat-sem-categoria","8":"first","9":"instock","10":"taxable","11":"shipping-taxable","12":"purchasable","13":"product-type-simple"},"meta_box":{"gi_product":{"gj_product_general_information_active":"1","gi_product_commercial_brand":"Quinta da Moscadinha","gi_product_classification":"Madeira Island Cider","gi_product_type":"Sparkling Cider","gi_product_year":"2023","gi_product_region":"Madeira Island","gi_product_soil":"Volcanic","gi_product_climate":"Mild with maritime influence","gi_product_varieties":"Regional apples","gi_product_location_of_orchards":"Camacha","gi_product_type_of_harvest":"Strict manual selection of the apples","gi_product_capacity_bottle":"750ml","gi_product_production":"5000 bottles","gi_product_batch":"1\/2023","gi_product_winemaking_by":"M\u00e1rcio N\u00f3brega"},"e_product":{"e_product_enology_active":"1","e_product_vinification_and_aging":"Crushing and pressing in a vertical hydraulics press. Must decantation at 8\u00bac for 24h. First fermentation at controlled temperature in stainless steel tanks. Second fermentation in the bottle and then resting over its lees for 9 months, before \u2018degorgement\u2019."},"tn_product":{"tn_product_notes_active":"1","tn_product_notes":"Produced by selecting the best apple varieties from our Region, this is a cider of unique characteristics, intense and fresh aroma. It reflects the acidity and sweetness of our apples, to which we add a thin bubble, by the champagne method."},"ca_product":{"ca_product_chemichal_analisys_active":"1","ca_product_alcohol_content":"8,5% VOL."},"p_product":{"p_product_pairing_active":"1","p_product_service_temperature":"12\u00ba \/ 14\u00ba","p_product_pairing_suggestions":"Recommended for grilled dishes or simply for a toast."},"pz_poduct":{"pz_active":"1","pz_prize_1_image":"1032","pz_prize_1_description":"Silver Medal \u2018Cider World 2024 Frankfurt\u2019","pz_prize_2_image":"840","pz_prize_2_description":"Bronze Medal \u2018Cider World 2024 Frankfurt\u2019"}},"_links":{"self":[{"href":"https:\/\/quintadamoscadinha.com\/pt\/wp-json\/wp\/v2\/product\/761","targetHints":{"allow":["GET"]}}],"collection":[{"href":"https:\/\/quintadamoscadinha.com\/pt\/wp-json\/wp\/v2\/product"}],"about":[{"href":"https:\/\/quintadamoscadinha.com\/pt\/wp-json\/wp\/v2\/types\/product"}],"replies":[{"embeddable":true,"href":"https:\/\/quintadamoscadinha.com\/pt\/wp-json\/wp\/v2\/comments?post=761"}],"wp:featuredmedia":[{"embeddable":true,"href":"https:\/\/quintadamoscadinha.com\/pt\/wp-json\/wp\/v2\/media\/1049"}],"wp:attachment":[{"href":"https:\/\/quintadamoscadinha.com\/pt\/wp-json\/wp\/v2\/media?parent=761"}],"wp:term":[{"taxonomy":"product_brand","embeddable":true,"href":"https:\/\/quintadamoscadinha.com\/pt\/wp-json\/wp\/v2\/product_brand?post=761"},{"taxonomy":"product_cat","embeddable":true,"href":"https:\/\/quintadamoscadinha.com\/pt\/wp-json\/wp\/v2\/product_cat?post=761"},{"taxonomy":"product_tag","embeddable":true,"href":"https:\/\/quintadamoscadinha.com\/pt\/wp-json\/wp\/v2\/product_tag?post=761"}],"curies":[{"name":"wp","href":"https:\/\/api.w.org\/{rel}","templated":true}]}}