{"id":868,"date":"2024-03-04T16:49:54","date_gmt":"2024-03-04T16:49:54","guid":{"rendered":"https:\/\/quintadamoscadinha.com\/web2\/?post_type=product&#038;p=868"},"modified":"2025-03-13T15:13:12","modified_gmt":"2025-03-13T15:13:12","slug":"madeira-royal-cider-medium-sweet-500ml","status":"publish","type":"product","link":"https:\/\/quintadamoscadinha.com\/pt\/produto\/madeira-royal-cider-medium-sweet-500ml\/","title":{"rendered":"MADEIRA ROYAL CIDER \u2013 Meio Doce (500ml)"},"content":{"rendered":"<p>Esta sidra nasce da melhor sele\u00e7\u00e3o das nossas ma\u00e7\u00e3s. A sua do\u00e7ura e acidez resultam da fortifica\u00e7\u00e3o e est\u00e1gio de 12 meses\nem barricas antigas de Vinho Madeira.\nOs seus aromas \u00fanicos tornam-na perfeita para acompanhar chocolate, sobremesas ou simplesmente para saborear.<\/p>","protected":false},"excerpt":{"rendered":"<p>Esta sidra nasce da melhor sele\u00e7\u00e3o das nossas ma\u00e7\u00e3s. A sua do\u00e7ura e acidez resultam da fortifica\u00e7\u00e3o e est\u00e1gio de 12 meses\nem barricas antigas de Vinho Madeira.\nOs seus aromas \u00fanicos tornam-na perfeita para acompanhar chocolate, sobremesas ou simplesmente para saborear.<\/p>","protected":false},"featured_media":1016,"comment_status":"open","ping_status":"closed","template":"","meta":{"_piecal_is_event":false,"_piecal_start_date":"","_piecal_end_date":"","_piecal_is_allday":false},"product_brand":[],"product_cat":[34],"product_tag":[],"class_list":{"0":"post-868","1":"product","2":"type-product","3":"status-publish","4":"has-post-thumbnail","6":"product_cat-sem-categoria","8":"first","9":"instock","10":"taxable","11":"shipping-taxable","12":"purchasable","13":"product-type-simple"},"meta_box":{"gi_product":{"gj_product_general_information_active":"1","gi_product_commercial_brand":"Quinta da Moscadinha","gi_product_classification":"Madeira Island Cider","gi_product_type":"Fortified Cider - Medium Sweet","gi_product_year":"2023","gi_product_region":"Madeira Island","gi_product_soil":"Volcanic","gi_product_climate":"Mild with maritime influence","gi_product_varieties":"Regional apples","gi_product_location_of_orchards":"Camacha","gi_product_type_of_harvest":"Strict manual selection of the apples","gi_product_capacity_bottle":"500ml","gi_product_production":"2000 bottles","gi_product_batch":"1\/2023","gi_product_winemaking_by":"M\u00e1rcio N\u00f3brega"},"e_product":{"e_product_enology_active":"1","e_product_vinification_and_aging":"Crushing and pressing in a vertical hydraulics press. Must decantation at 8\u00bac for 24h. Cold fortification with vinyl alcohol, and aging in old barrels for 12 months."},"tn_product":{"tn_product_notes_active":"1","tn_product_notes":"Its an amber color cider with nuts, orange peel and jam aromas, balanced in its acidity and sweetness."},"ca_product":{"ca_product_chemichal_analisys_active":"1","ca_product_alcohol_content":"14% VOL."},"p_product":{"p_product_pairing_active":"1","p_product_service_temperature":"12\u00ba \/ 14\u00ba","p_product_pairing_suggestions":"Recommended for desserts, chocolate, salty cheese  or simply to enjoy."},"pz_poduct":{"pz_active":"1","pz_prize_1_image":"1032","pz_prize_1_description":"Silver Medal \u2018Cider World 2024 Frankfurt\u2019"}},"_links":{"self":[{"href":"https:\/\/quintadamoscadinha.com\/pt\/wp-json\/wp\/v2\/product\/868","targetHints":{"allow":["GET"]}}],"collection":[{"href":"https:\/\/quintadamoscadinha.com\/pt\/wp-json\/wp\/v2\/product"}],"about":[{"href":"https:\/\/quintadamoscadinha.com\/pt\/wp-json\/wp\/v2\/types\/product"}],"replies":[{"embeddable":true,"href":"https:\/\/quintadamoscadinha.com\/pt\/wp-json\/wp\/v2\/comments?post=868"}],"wp:featuredmedia":[{"embeddable":true,"href":"https:\/\/quintadamoscadinha.com\/pt\/wp-json\/wp\/v2\/media\/1016"}],"wp:attachment":[{"href":"https:\/\/quintadamoscadinha.com\/pt\/wp-json\/wp\/v2\/media?parent=868"}],"wp:term":[{"taxonomy":"product_brand","embeddable":true,"href":"https:\/\/quintadamoscadinha.com\/pt\/wp-json\/wp\/v2\/product_brand?post=868"},{"taxonomy":"product_cat","embeddable":true,"href":"https:\/\/quintadamoscadinha.com\/pt\/wp-json\/wp\/v2\/product_cat?post=868"},{"taxonomy":"product_tag","embeddable":true,"href":"https:\/\/quintadamoscadinha.com\/pt\/wp-json\/wp\/v2\/product_tag?post=868"}],"curies":[{"name":"wp","href":"https:\/\/api.w.org\/{rel}","templated":true}]}}