{"id":869,"date":"2024-03-04T16:53:37","date_gmt":"2024-03-04T16:53:37","guid":{"rendered":"https:\/\/quintadamoscadinha.com\/web2\/?post_type=product&#038;p=869"},"modified":"2025-03-13T15:11:48","modified_gmt":"2025-03-13T15:11:48","slug":"3barricas-extra-bruto-limited-edition","status":"publish","type":"product","link":"https:\/\/quintadamoscadinha.com\/pt\/produto\/3barricas-extra-bruto-limited-edition\/","title":{"rendered":"3BARRICAS - Edi\u00e7\u00e3o Limitada"},"content":{"rendered":"<p>Feita a partir da sele\u00e7\u00e3o das ma\u00e7\u00e3s mais doces do lado oeste e das ma\u00e7\u00e3s mais \u00e1cidas do lado norte da ilha, esta sidra estagiou durante 6 meses em barricas de Chardonnay e repousou em garrafa, sobre as suas borras, durante 12 meses. O resultado \u00e9 uma bolha crocante e acidez muito equilibrada.<\/p>","protected":false},"excerpt":{"rendered":"<p>Feita a partir da sele\u00e7\u00e3o das ma\u00e7\u00e3s mais doces do lado oeste e das ma\u00e7\u00e3s mais \u00e1cidas do lado norte da ilha, esta sidra estagiou durante 6 meses em barricas de Chardonnay e repousou em garrafa, sobre as suas borras, durante 12 meses. O resultado \u00e9 uma bolha crocante e acidez muito equilibrada.<\/p>","protected":false},"featured_media":1009,"comment_status":"open","ping_status":"closed","template":"","meta":{"_piecal_is_event":false,"_piecal_start_date":"","_piecal_end_date":"","_piecal_is_allday":false},"product_brand":[],"product_cat":[34],"product_tag":[],"class_list":{"0":"post-869","1":"product","2":"type-product","3":"status-publish","4":"has-post-thumbnail","6":"product_cat-sem-categoria","8":"first","9":"instock","10":"taxable","11":"shipping-taxable","12":"purchasable","13":"product-type-simple"},"meta_box":{"gi_product":{"gj_product_general_information_active":"1","gi_product_commercial_brand":"Quinta da Moscadinha","gi_product_classification":"Madeira Island Cider","gi_product_type":"Sparkling Cider","gi_product_year":"2023","gi_product_region":"Madeira Island","gi_product_soil":"Volcanic","gi_product_climate":"Mild with maritime influence","gi_product_varieties":"'Pero da Ponta do Pargo' and 'Pero Vime'","gi_product_location_of_orchards":"Ponta do Pargo (400m altitude) and Camacha (800m altitude)","gi_product_type_of_harvest":"Strict manual selection of the apples","gi_product_capacity_bottle":"750ml","gi_product_production":"980 bottles","gi_product_batch":"1\/2023","gi_product_winemaking_by":"M\u00e1rcio N\u00f3brega"},"e_product":{"e_product_enology_active":"1","e_product_vinification_and_aging":"Crushing and pressing in a vertical hydraulics press. Must decantation at 6\u00bac for 24h. First fermentation in stainless steel, at controlled temperature (14), with parcial malolactic fermentation in october 2022. Aging for 6 months in second year old french oak barrels, and second fermentation in bottle, over its lees for 12 months. \u2018Degorgement\u2019 in January 2024 "},"tn_product":{"tn_product_notes_active":"1","tn_product_notes":"As a result of prolonged fermentation in the bottle, this is a cider with crystalline color and citrus aromas with a fine, crisp bubble and balanced acidity, which gives it a very subtle freshness."},"ca_product":{"ca_product_chemichal_analisys_active":"1","ca_product_alcohol_content":"8,5% VOL."},"p_product":{"p_product_pairing_active":"1","p_product_service_temperature":"12\u00ba \/ 14\u00ba","p_product_pairing_suggestions":"Especially recommended as an aperitif or to accompany seafood, fish and salads."},"pz_poduct":{"pz_active":"1","pz_prize_1_image":"1030","pz_prize_1_description":"Honor Medal \u2018Cider World 2024 Frankfurt\u2019"}},"_links":{"self":[{"href":"https:\/\/quintadamoscadinha.com\/pt\/wp-json\/wp\/v2\/product\/869","targetHints":{"allow":["GET"]}}],"collection":[{"href":"https:\/\/quintadamoscadinha.com\/pt\/wp-json\/wp\/v2\/product"}],"about":[{"href":"https:\/\/quintadamoscadinha.com\/pt\/wp-json\/wp\/v2\/types\/product"}],"replies":[{"embeddable":true,"href":"https:\/\/quintadamoscadinha.com\/pt\/wp-json\/wp\/v2\/comments?post=869"}],"wp:featuredmedia":[{"embeddable":true,"href":"https:\/\/quintadamoscadinha.com\/pt\/wp-json\/wp\/v2\/media\/1009"}],"wp:attachment":[{"href":"https:\/\/quintadamoscadinha.com\/pt\/wp-json\/wp\/v2\/media?parent=869"}],"wp:term":[{"taxonomy":"product_brand","embeddable":true,"href":"https:\/\/quintadamoscadinha.com\/pt\/wp-json\/wp\/v2\/product_brand?post=869"},{"taxonomy":"product_cat","embeddable":true,"href":"https:\/\/quintadamoscadinha.com\/pt\/wp-json\/wp\/v2\/product_cat?post=869"},{"taxonomy":"product_tag","embeddable":true,"href":"https:\/\/quintadamoscadinha.com\/pt\/wp-json\/wp\/v2\/product_tag?post=869"}],"curies":[{"name":"wp","href":"https:\/\/api.w.org\/{rel}","templated":true}]}}