{"id":890,"date":"2024-03-05T16:17:15","date_gmt":"2024-03-05T16:17:15","guid":{"rendered":"https:\/\/quintadamoscadinha.com\/web2\/?post_type=product&#038;p=890"},"modified":"2025-05-15T10:05:05","modified_gmt":"2025-05-15T10:05:05","slug":"perry-pet-nat-pear-cider","status":"publish","type":"product","link":"https:\/\/quintadamoscadinha.com\/pt\/produto\/perry-pet-nat-pear-cider\/","title":{"rendered":"PERRY P\u00caT-NAT \u2013 Sidra de P\u00eara"},"content":{"rendered":"<p>Feita com as melhores p\u00earas de pomares antigos da Camacha, situados a 800 metros de altitude e pelo m\u00e9todo \u201dpetillant naturel\u201d, nasce uma sidra\nde bolha muito fina e refrescante, cheia de aromas a frutos tropicais.<\/p>","protected":false},"excerpt":{"rendered":"<p>Feita com as melhores p\u00earas de pomares antigos da Camacha, situados a 800 metros de altitude e pelo m\u00e9todo \u201dpetillant naturel\u201d, nasce uma sidra\nde bolha muito fina e refrescante, cheia de aromas a frutos tropicais.<\/p>","protected":false},"featured_media":1011,"comment_status":"open","ping_status":"closed","template":"","meta":{"_piecal_is_event":false,"_piecal_start_date":"","_piecal_end_date":"","_piecal_is_allday":false},"product_brand":[],"product_cat":[34],"product_tag":[],"class_list":{"0":"post-890","1":"product","2":"type-product","3":"status-publish","4":"has-post-thumbnail","6":"product_cat-sem-categoria","8":"first","9":"instock","10":"taxable","11":"shipping-taxable","12":"purchasable","13":"product-type-simple"},"meta_box":{"gi_product":{"gj_product_general_information_active":"1","gi_product_commercial_brand":"Quinta da Moscadinha","gi_product_classification":"Madeira Island Cider","gi_product_type":"Natural","gi_product_year":"2023","gi_product_region":"Madeira Island","gi_product_soil":"Volcanic","gi_product_climate":"Mild with maritime influence","gi_product_varieties":"'P\u00eara Rocha' from Madeira","gi_product_location_of_orchards":"Camacha (800m altitude)","gi_product_type_of_harvest":"Strict manual selection of the pears","gi_product_capacity_bottle":"750ml","gi_product_production":"1000 bottles","gi_product_batch":"1\/2023","gi_product_winemaking_by":"M\u00e1rcio N\u00f3brega"},"e_product":{"e_product_enology_active":"1","e_product_vinification_and_aging":"Crushing and pressing in a vertical hydraulics press. Must decantation at 8\u00baC for 24h. Initial fermentation in stainless steel, with bottling before the end of fermentation process. \u2018Petillant Naturel\u2019 method."},"tn_product":{"tn_product_notes_active":"1","tn_product_notes":"Made with the best pears from Camacha orchards, located above 800 meters and using the 'petillant naturel' method, this very thin and refreshing bubble cider is born, full of tropical fruit aromas."},"ca_product":{"ca_product_chemichal_analisys_active":"1","ca_product_alcohol_content":"6,5% VOL."},"p_product":{"p_product_pairing_active":"1","p_product_service_temperature":"12\u00ba \/ 14\u00ba","p_product_pairing_suggestions":"Perfect for toasting"},"pz_poduct":{"pz_active":"1","pz_prize_1_image":"1215","pz_prize_1_description":"Honor medal 'Cider World 2025 Frankfurt'"}},"_links":{"self":[{"href":"https:\/\/quintadamoscadinha.com\/pt\/wp-json\/wp\/v2\/product\/890","targetHints":{"allow":["GET"]}}],"collection":[{"href":"https:\/\/quintadamoscadinha.com\/pt\/wp-json\/wp\/v2\/product"}],"about":[{"href":"https:\/\/quintadamoscadinha.com\/pt\/wp-json\/wp\/v2\/types\/product"}],"replies":[{"embeddable":true,"href":"https:\/\/quintadamoscadinha.com\/pt\/wp-json\/wp\/v2\/comments?post=890"}],"wp:featuredmedia":[{"embeddable":true,"href":"https:\/\/quintadamoscadinha.com\/pt\/wp-json\/wp\/v2\/media\/1011"}],"wp:attachment":[{"href":"https:\/\/quintadamoscadinha.com\/pt\/wp-json\/wp\/v2\/media?parent=890"}],"wp:term":[{"taxonomy":"product_brand","embeddable":true,"href":"https:\/\/quintadamoscadinha.com\/pt\/wp-json\/wp\/v2\/product_brand?post=890"},{"taxonomy":"product_cat","embeddable":true,"href":"https:\/\/quintadamoscadinha.com\/pt\/wp-json\/wp\/v2\/product_cat?post=890"},{"taxonomy":"product_tag","embeddable":true,"href":"https:\/\/quintadamoscadinha.com\/pt\/wp-json\/wp\/v2\/product_tag?post=890"}],"curies":[{"name":"wp","href":"https:\/\/api.w.org\/{rel}","templated":true}]}}