{"id":894,"date":"2024-03-07T12:08:59","date_gmt":"2024-03-07T12:08:59","guid":{"rendered":"https:\/\/quintadamoscadinha.com\/web2\/?post_type=product&#038;p=894"},"modified":"2025-03-13T15:06:39","modified_gmt":"2025-03-13T15:06:39","slug":"na-talha","status":"publish","type":"product","link":"https:\/\/quintadamoscadinha.com\/pt\/produto\/na-talha\/","title":{"rendered":"NA TALHA &#8211; Limited Edition"},"content":{"rendered":"<p>De fermenta\u00e7\u00e3o espont\u00e2nea, esta sidra de cor c\u00edtrica e aroma r\u00fastico e mineral, reflete bem o processo ancestral de vinifica\u00e7\u00e3o em talha.<\/p>","protected":false},"excerpt":{"rendered":"<p>De fermenta\u00e7\u00e3o espont\u00e2nea, esta sidra de cor c\u00edtrica e aroma r\u00fastico e mineral, reflete bem o processo ancestral de vinifica\u00e7\u00e3o em talha.<\/p>","protected":false},"featured_media":1010,"comment_status":"open","ping_status":"closed","template":"","meta":{"_piecal_is_event":false,"_piecal_start_date":"","_piecal_end_date":"","_piecal_is_allday":false},"product_brand":[],"product_cat":[34],"product_tag":[],"class_list":{"0":"post-894","1":"product","2":"type-product","3":"status-publish","4":"has-post-thumbnail","6":"product_cat-sem-categoria","8":"first","9":"instock","10":"taxable","11":"shipping-taxable","12":"purchasable","13":"product-type-simple"},"meta_box":{"gi_product":{"gj_product_general_information_active":"1","gi_product_commercial_brand":"Quinta da Moscadinha","gi_product_classification":"Madeira Island Cider","gi_product_type":"Natural","gi_product_year":"2023","gi_product_region":"Madeira Island","gi_product_soil":"Volcanic","gi_product_climate":"Mild with maritime influence","gi_product_varieties":"Regional apples","gi_product_location_of_orchards":"Camacha (800m altitude)","gi_product_type_of_harvest":"Strict manual selection of the apples","gi_product_capacity_bottle":"750ml","gi_product_production":"500 bottles","gi_product_batch":"1\/2023","gi_product_winemaking_by":"M\u00e1rcio N\u00f3brega"},"e_product":{"e_product_enology_active":"1","e_product_vinification_and_aging":"Crushing and pressing in a vertical hydraulics press. Must decantation at 8\u00baC for 24h. Spontaneous fermentation in clay vessels."},"tn_product":{"tn_product_notes_active":"1","tn_product_notes":"From spontaneous fermentation, this citrus-colored cider, rustic and mineral aroma, is a very fine example of the ancient process of winemaking in clay vessels (\u2019talha\u2019).\r\n"},"ca_product":{"ca_product_chemichal_analisys_active":"1","ca_product_alcohol_content":"8,5% VOL."},"p_product":{"p_product_pairing_active":"1","p_product_service_temperature":"12\u00ba \/ 14\u00ba","p_product_pairing_suggestions":"Recommended for fish dishes, salads, seafood and white meats ou just for toasting."},"pz_poduct":[]},"_links":{"self":[{"href":"https:\/\/quintadamoscadinha.com\/pt\/wp-json\/wp\/v2\/product\/894","targetHints":{"allow":["GET"]}}],"collection":[{"href":"https:\/\/quintadamoscadinha.com\/pt\/wp-json\/wp\/v2\/product"}],"about":[{"href":"https:\/\/quintadamoscadinha.com\/pt\/wp-json\/wp\/v2\/types\/product"}],"replies":[{"embeddable":true,"href":"https:\/\/quintadamoscadinha.com\/pt\/wp-json\/wp\/v2\/comments?post=894"}],"wp:featuredmedia":[{"embeddable":true,"href":"https:\/\/quintadamoscadinha.com\/pt\/wp-json\/wp\/v2\/media\/1010"}],"wp:attachment":[{"href":"https:\/\/quintadamoscadinha.com\/pt\/wp-json\/wp\/v2\/media?parent=894"}],"wp:term":[{"taxonomy":"product_brand","embeddable":true,"href":"https:\/\/quintadamoscadinha.com\/pt\/wp-json\/wp\/v2\/product_brand?post=894"},{"taxonomy":"product_cat","embeddable":true,"href":"https:\/\/quintadamoscadinha.com\/pt\/wp-json\/wp\/v2\/product_cat?post=894"},{"taxonomy":"product_tag","embeddable":true,"href":"https:\/\/quintadamoscadinha.com\/pt\/wp-json\/wp\/v2\/product_tag?post=894"}],"curies":[{"name":"wp","href":"https:\/\/api.w.org\/{rel}","templated":true}]}}